{"id":108,"date":"2019-05-24T07:15:57","date_gmt":"2019-05-24T05:15:57","guid":{"rendered":"http:\/\/victory-pieter.webdev.victory.local\/about-2\/"},"modified":"2020-11-26T11:28:17","modified_gmt":"2020-11-26T10:28:17","slug":"about","status":"publish","type":"page","link":"http:\/\/metech.eu\/de\/about\/","title":{"rendered":"\u00dcber uns"},"content":{"rendered":"\n<p>MeTech ist ein schnell wachsendes IT-Unternehmen im Jahr 2005 gegr\u00fcndet.<\/p>\n\n\n\n<p>Das Metech-Managementteam verf\u00fcgt \u00fcber mehr als 30 Jahre Erfahrung im IT-Bereich und insbesondere im Bereich Mainframe.<\/p>\n\n\n\n<p>Unser umfangreiches Team motivierter Mitarbeiter ist derzeit mit verschiedenen Partnern in Belgien sowie in unseren Nachbarl\u00e4ndern aktiv.<\/p>\n\n\n\n<p>Aufgrund dieser breiten Basis ist MeTech in der Lage, die kontinuierlichen Ver\u00e4nderungen und Entwicklungen in der IT zu antizipieren.<\/p>\n","protected":false},"excerpt":{"rendered":"<p>MeTech ist ein schnell wachsendes IT-Unternehmen im Jahr 2005 gegr\u00fcndet. Das Metech-Managementteam verf\u00fcgt \u00fcber mehr als 30 Jahre Erfahrung im IT-Bereich und insbesondere im Bereich Mainframe. Unser umfangreiches Team motivierter Mitarbeiter ist derzeit mit verschiedenen Partnern in Belgien sowie in unseren Nachbarl\u00e4ndern aktiv. Aufgrund dieser breiten Basis ist MeTech in der Lage, die kontinuierlichen Ver\u00e4nderungen [&hellip;]<\/p>\n","protected":false},"author":6,"featured_media":3436,"parent":0,"menu_order":0,"comment_status":"closed","ping_status":"closed","template":"template\/template-MeTech-page.php","meta":[],"translation":{"provider":"WPGlobus","version":"2.8.11","language":"de","enabled_languages":["en","nl","fr","de"],"languages":{"en":{"title":true,"content":true,"excerpt":false},"nl":{"title":true,"content":true,"excerpt":false},"fr":{"title":true,"content":true,"excerpt":false},"de":{"title":true,"content":true,"excerpt":false}}},"acf":[],"yoast_head":"<!-- This site is optimized with the Yoast SEO plugin v18.5.1 - https:\/\/yoast.com\/wordpress\/plugins\/seo\/ -->\n<title>\u00dcber uns - MeTech<\/title>\n<meta name=\"robots\" content=\"index, follow, max-snippet:-1, max-image-preview:large, max-video-preview:-1\" \/>\n<link rel=\"canonical\" href=\"https:\/\/metech.eu\/de\/about\/\" \/>\n<meta property=\"og:locale\" content=\"de_DE\" \/>\n<meta property=\"og:type\" content=\"article\" \/>\n<meta property=\"og:title\" content=\"\u00dcber uns - MeTech\" \/>\n<meta property=\"og:url\" content=\"https:\/\/metech.eu\/de\/about\/\" \/>\n<meta property=\"og:site_name\" content=\"MeTech\" \/>\n<meta property=\"article:publisher\" content=\"https:\/\/www.facebook.com\/MeTechBelgium\/\" \/>\n<meta property=\"article:modified_time\" content=\"2020-11-26T10:28:17+00:00\" \/>\n<meta property=\"og:image\" content=\"https:\/\/metech.eu\/wp-content\/uploads\/about.jpg\" \/>\n\t<meta property=\"og:image:width\" content=\"800\" \/>\n\t<meta property=\"og:image:height\" content=\"478\" \/>\n\t<meta property=\"og:image:type\" content=\"image\/jpeg\" \/>\n<meta name=\"twitter:card\" content=\"summary_large_image\" \/>\n<meta name=\"twitter:label1\" content=\"Est. reading time\" \/>\n\t<meta name=\"twitter:data1\" content=\"1 minute\" \/>\n<script type=\"application\/ld+json\" class=\"yoast-schema-graph\">{\"@context\":\"https:\/\/schema.org\",\"@graph\":[{\"@type\":\"WebSite\",\"@id\":\"http:\/\/metech.eu\/#website\",\"url\":\"http:\/\/metech.eu\/\",\"name\":\"MeTech\",\"description\":\"Contracting &amp; Training\",\"potentialAction\":[{\"@type\":\"SearchAction\",\"target\":{\"@type\":\"EntryPoint\",\"urlTemplate\":\"http:\/\/metech.eu\/?s={search_term_string}\"},\"query-input\":\"required name=search_term_string\"}],\"inLanguage\":\"de-DE\"},{\"@type\":\"ImageObject\",\"@id\":\"https:\/\/metech.eu\/de\/about\/#primaryimage\",\"inLanguage\":\"de-DE\",\"url\":\"http:\/\/metech.eu\/wp-content\/uploads\/about.jpg\",\"contentUrl\":\"http:\/\/metech.eu\/wp-content\/uploads\/about.jpg\",\"width\":800,\"height\":478},{\"@type\":\"WebPage\",\"@id\":\"https:\/\/metech.eu\/de\/about\/#webpage\",\"url\":\"https:\/\/metech.eu\/de\/about\/\",\"name\":\"\u00dcber uns - MeTech\",\"isPartOf\":{\"@id\":\"http:\/\/metech.eu\/#website\"},\"primaryImageOfPage\":{\"@id\":\"https:\/\/metech.eu\/de\/about\/#primaryimage\"},\"datePublished\":\"2019-05-24T05:15:57+00:00\",\"dateModified\":\"2020-11-26T10:28:17+00:00\",\"breadcrumb\":{\"@id\":\"https:\/\/metech.eu\/de\/about\/#breadcrumb\"},\"inLanguage\":\"de-DE\",\"potentialAction\":[{\"@type\":\"ReadAction\",\"target\":[\"https:\/\/metech.eu\/de\/about\/\"]}]},{\"@type\":\"BreadcrumbList\",\"@id\":\"https:\/\/metech.eu\/de\/about\/#breadcrumb\",\"itemListElement\":[{\"@type\":\"ListItem\",\"position\":1,\"name\":\"Home\",\"item\":\"http:\/\/metech.eu\/\"},{\"@type\":\"ListItem\",\"position\":2,\"name\":\"\u00dcber uns\"}]}]}<\/script>\n<!-- \/ Yoast SEO plugin. -->","yoast_head_json":{"title":"\u00dcber uns - MeTech","robots":{"index":"index","follow":"follow","max-snippet":"max-snippet:-1","max-image-preview":"max-image-preview:large","max-video-preview":"max-video-preview:-1"},"canonical":"https:\/\/metech.eu\/de\/about\/","og_locale":"de_DE","og_type":"article","og_title":"\u00dcber uns - MeTech","og_url":"https:\/\/metech.eu\/de\/about\/","og_site_name":"MeTech","article_publisher":"https:\/\/www.facebook.com\/MeTechBelgium\/","article_modified_time":"2020-11-26T10:28:17+00:00","og_image":[{"width":800,"height":478,"url":"https:\/\/metech.eu\/wp-content\/uploads\/about.jpg","type":"image\/jpeg"}],"twitter_card":"summary_large_image","twitter_misc":{"Est. reading time":"1 minute"},"schema":{"@context":"https:\/\/schema.org","@graph":[{"@type":"WebSite","@id":"http:\/\/metech.eu\/#website","url":"http:\/\/metech.eu\/","name":"MeTech","description":"Contracting &amp; Training","potentialAction":[{"@type":"SearchAction","target":{"@type":"EntryPoint","urlTemplate":"http:\/\/metech.eu\/?s={search_term_string}"},"query-input":"required name=search_term_string"}],"inLanguage":"de-DE"},{"@type":"ImageObject","@id":"https:\/\/metech.eu\/de\/about\/#primaryimage","inLanguage":"de-DE","url":"http:\/\/metech.eu\/wp-content\/uploads\/about.jpg","contentUrl":"http:\/\/metech.eu\/wp-content\/uploads\/about.jpg","width":800,"height":478},{"@type":"WebPage","@id":"https:\/\/metech.eu\/de\/about\/#webpage","url":"https:\/\/metech.eu\/de\/about\/","name":"\u00dcber uns - MeTech","isPartOf":{"@id":"http:\/\/metech.eu\/#website"},"primaryImageOfPage":{"@id":"https:\/\/metech.eu\/de\/about\/#primaryimage"},"datePublished":"2019-05-24T05:15:57+00:00","dateModified":"2020-11-26T10:28:17+00:00","breadcrumb":{"@id":"https:\/\/metech.eu\/de\/about\/#breadcrumb"},"inLanguage":"de-DE","potentialAction":[{"@type":"ReadAction","target":["https:\/\/metech.eu\/de\/about\/"]}]},{"@type":"BreadcrumbList","@id":"https:\/\/metech.eu\/de\/about\/#breadcrumb","itemListElement":[{"@type":"ListItem","position":1,"name":"Home","item":"http:\/\/metech.eu\/"},{"@type":"ListItem","position":2,"name":"\u00dcber uns"}]}]}},"_links":{"self":[{"href":"http:\/\/metech.eu\/de\/wp-json\/wp\/v2\/pages\/108"}],"collection":[{"href":"http:\/\/metech.eu\/de\/wp-json\/wp\/v2\/pages"}],"about":[{"href":"http:\/\/metech.eu\/de\/wp-json\/wp\/v2\/types\/page"}],"author":[{"embeddable":true,"href":"http:\/\/metech.eu\/de\/wp-json\/wp\/v2\/users\/6"}],"replies":[{"embeddable":true,"href":"http:\/\/metech.eu\/de\/wp-json\/wp\/v2\/comments?post=108"}],"version-history":[{"count":0,"href":"http:\/\/metech.eu\/de\/wp-json\/wp\/v2\/pages\/108\/revisions"}],"wp:featuredmedia":[{"embeddable":true,"href":"http:\/\/metech.eu\/de\/wp-json\/wp\/v2\/media\/3436"}],"wp:attachment":[{"href":"http:\/\/metech.eu\/de\/wp-json\/wp\/v2\/media?parent=108"}],"curies":[{"name":"wp","href":"https:\/\/api.w.org\/{rel}","templated":true}]}}