{"id":295,"date":"2019-06-04T15:41:32","date_gmt":"2019-06-04T13:41:32","guid":{"rendered":"http:\/\/victory-pieter.webdev.victory.local\/?page_id=295"},"modified":"2022-06-23T11:32:15","modified_gmt":"2022-06-23T09:32:15","slug":"recruiting","status":"publish","type":"page","link":"http:\/\/metech.eu\/de\/about\/recruiting\/","title":{"rendered":"Rekrutierung"},"content":{"rendered":"\n<h4>Un processus continu du d\u00e9but \u00e0 la fin, avec une approche personnelle pour chacun!<\/h4>\n\n\n\n<p>En tant qu&#8217;entreprise, nous nous effor\u00e7ons chez MeTech d&#8217;am\u00e9liorer continuellement notre processus de s\u00e9lection afin d&#8217;attirer, de pr\u00e9s\u00e9lectionner et de s\u00e9lectionner le candidat le plus appropri\u00e9 pour un poste pertinent.<\/p>\n\n\n\n<p>L&#8217;objectif principal de MeTech est de supporter les clients<\/p>\n\n\n\n<ul><li><em>Trouver des employ\u00e9s externes et internes<\/em><\/li><li><em>Formation \u00e0 mesure du client<\/em><\/li><\/ul>\n\n\n\n<p><\/p>\n\n\n\n<p>La plateforme principale est la Z-machine (Mainframe).<\/p>\n\n\n\n<p>Les formations sont r\u00e9alis\u00e9es sur notre propre hardware, pour les employ\u00e9s de MeTech ou les employ\u00e9s du client, en fonction du client et de la mission.<\/p>\n\n\n\n<p>Les employ\u00e9s form\u00e9s ou bien exp\u00e9riment\u00e9s sont plac\u00e9s en d\u00e9tachement, avec la possibilit\u00e9 de devenir interne. Ces activit\u00e9s sont soutenues en Belgique, en Allemagne, aux Pays-Bas, au Luxembourg, &#8230;<\/p>\n\n\n\n<p>L&#8217;am\u00e9lioration continue, c&#8217;est \u00eatre \u00e0 l&#8217;\u00e9coute des attentes et des besoins des clients et des candidats:<\/p>\n\n\n\n<ul><li><em>Quelles comp\u00e9tences une personne devrait-elle avoir pour un emploi particulier?<\/em><\/li><li><em>Est-ce que je veux recruter \/ embaucher un employ\u00e9 ou un consultant?<\/em><\/li><\/ul>\n\n\n\n<ul><li><em>Qu&#8217;est-ce que je recherche dans un emploi en tant qu&#8217;employ\u00e9?<\/em><\/li><li><em>Est-ce que je veux travailler en freelance ou en tant qu&#8217;employ\u00e9?<\/em><\/li><\/ul>\n\n\n\n<p>et r\u00e9pondez-y avec une approche personnelle.<\/p>\n\n\n\n<p>Nous commen\u00e7ons \u00e9galement notre processus de recrutement dans les coll\u00e8ges et universit\u00e9s et continuons ce processus avec des personnes plus exp\u00e9riment\u00e9es, le tout pour donner \u00e0 nos clients et employ\u00e9s la possibilit\u00e9 d&#8217;am\u00e9liorer de mani\u00e8re optimale leurs comp\u00e9tences.<\/p>\n\n\n\n<p>Curieux de savoir ce que nous pouvons vous offrir (en tant que client ou en tant qu&#8217;employ\u00e9)? N&#8217;h\u00e9sitez pas <a href=\"\/fr\/contact\">\u00e0 nous contacter<\/a>!<\/p>\n","protected":false},"excerpt":{"rendered":"<p>Un processus continu du d\u00e9but \u00e0 la fin, avec une approche personnelle pour chacun! En tant qu&#8217;entreprise, nous nous effor\u00e7ons chez MeTech d&#8217;am\u00e9liorer continuellement notre processus de s\u00e9lection afin d&#8217;attirer, de pr\u00e9s\u00e9lectionner et de s\u00e9lectionner le candidat le plus appropri\u00e9 pour un poste pertinent. L&#8217;objectif principal de MeTech est de supporter les clients Trouver des [&hellip;]<\/p>\n","protected":false},"author":6,"featured_media":3448,"parent":108,"menu_order":0,"comment_status":"closed","ping_status":"closed","template":"template\/template-MeTech-page.php","meta":[],"translation":{"provider":"WPGlobus","version":"2.8.11","language":"de","enabled_languages":["en","nl","fr","de"],"languages":{"en":{"title":true,"content":true,"excerpt":false},"nl":{"title":true,"content":true,"excerpt":false},"fr":{"title":true,"content":true,"excerpt":false},"de":{"title":true,"content":true,"excerpt":false}}},"acf":[],"yoast_head":"<!-- This site is optimized with the Yoast SEO plugin v18.5.1 - https:\/\/yoast.com\/wordpress\/plugins\/seo\/ -->\n<title>Rekrutierung - MeTech<\/title>\n<meta name=\"robots\" content=\"index, follow, max-snippet:-1, max-image-preview:large, max-video-preview:-1\" \/>\n<link rel=\"canonical\" href=\"https:\/\/metech.eu\/de\/about\/recruiting\/\" \/>\n<meta property=\"og:locale\" content=\"de_DE\" \/>\n<meta property=\"og:type\" content=\"article\" \/>\n<meta property=\"og:title\" content=\"Rekrutierung - MeTech\" \/>\n<meta property=\"og:url\" content=\"https:\/\/metech.eu\/de\/about\/recruiting\/\" \/>\n<meta property=\"og:site_name\" content=\"MeTech\" \/>\n<meta property=\"article:publisher\" content=\"https:\/\/www.facebook.com\/MeTechBelgium\/\" \/>\n<meta property=\"article:modified_time\" content=\"2022-06-23T09:32:15+00:00\" \/>\n<meta property=\"og:image\" content=\"https:\/\/metech.eu\/wp-content\/uploads\/recruitment.jpg\" \/>\n\t<meta property=\"og:image:width\" content=\"800\" \/>\n\t<meta property=\"og:image:height\" content=\"617\" \/>\n\t<meta property=\"og:image:type\" content=\"image\/jpeg\" \/>\n<meta name=\"twitter:card\" content=\"summary_large_image\" \/>\n<meta name=\"twitter:label1\" content=\"Est. reading time\" \/>\n\t<meta name=\"twitter:data1\" content=\"1 minute\" \/>\n<script type=\"application\/ld+json\" class=\"yoast-schema-graph\">{\"@context\":\"https:\/\/schema.org\",\"@graph\":[{\"@type\":\"WebSite\",\"@id\":\"http:\/\/metech.eu\/#website\",\"url\":\"http:\/\/metech.eu\/\",\"name\":\"MeTech\",\"description\":\"Contracting &amp; Training\",\"potentialAction\":[{\"@type\":\"SearchAction\",\"target\":{\"@type\":\"EntryPoint\",\"urlTemplate\":\"http:\/\/metech.eu\/?s={search_term_string}\"},\"query-input\":\"required name=search_term_string\"}],\"inLanguage\":\"de-DE\"},{\"@type\":\"ImageObject\",\"@id\":\"https:\/\/metech.eu\/de\/about\/recruiting\/#primaryimage\",\"inLanguage\":\"de-DE\",\"url\":\"http:\/\/metech.eu\/wp-content\/uploads\/recruitment.jpg\",\"contentUrl\":\"http:\/\/metech.eu\/wp-content\/uploads\/recruitment.jpg\",\"width\":800,\"height\":617},{\"@type\":\"WebPage\",\"@id\":\"https:\/\/metech.eu\/de\/about\/recruiting\/#webpage\",\"url\":\"https:\/\/metech.eu\/de\/about\/recruiting\/\",\"name\":\"Rekrutierung - MeTech\",\"isPartOf\":{\"@id\":\"http:\/\/metech.eu\/#website\"},\"primaryImageOfPage\":{\"@id\":\"https:\/\/metech.eu\/de\/about\/recruiting\/#primaryimage\"},\"datePublished\":\"2019-06-04T13:41:32+00:00\",\"dateModified\":\"2022-06-23T09:32:15+00:00\",\"breadcrumb\":{\"@id\":\"https:\/\/metech.eu\/de\/about\/recruiting\/#breadcrumb\"},\"inLanguage\":\"de-DE\",\"potentialAction\":[{\"@type\":\"ReadAction\",\"target\":[\"https:\/\/metech.eu\/de\/about\/recruiting\/\"]}]},{\"@type\":\"BreadcrumbList\",\"@id\":\"https:\/\/metech.eu\/de\/about\/recruiting\/#breadcrumb\",\"itemListElement\":[{\"@type\":\"ListItem\",\"position\":1,\"name\":\"Home\",\"item\":\"http:\/\/metech.eu\/\"},{\"@type\":\"ListItem\",\"position\":2,\"name\":\"\u00dcber uns\",\"item\":\"https:\/\/metech.eu\/de\/about\/\"},{\"@type\":\"ListItem\",\"position\":3,\"name\":\"Rekrutierung\"}]}]}<\/script>\n<!-- \/ Yoast SEO plugin. -->","yoast_head_json":{"title":"Rekrutierung - MeTech","robots":{"index":"index","follow":"follow","max-snippet":"max-snippet:-1","max-image-preview":"max-image-preview:large","max-video-preview":"max-video-preview:-1"},"canonical":"https:\/\/metech.eu\/de\/about\/recruiting\/","og_locale":"de_DE","og_type":"article","og_title":"Rekrutierung - MeTech","og_url":"https:\/\/metech.eu\/de\/about\/recruiting\/","og_site_name":"MeTech","article_publisher":"https:\/\/www.facebook.com\/MeTechBelgium\/","article_modified_time":"2022-06-23T09:32:15+00:00","og_image":[{"width":800,"height":617,"url":"https:\/\/metech.eu\/wp-content\/uploads\/recruitment.jpg","type":"image\/jpeg"}],"twitter_card":"summary_large_image","twitter_misc":{"Est. reading time":"1 minute"},"schema":{"@context":"https:\/\/schema.org","@graph":[{"@type":"WebSite","@id":"http:\/\/metech.eu\/#website","url":"http:\/\/metech.eu\/","name":"MeTech","description":"Contracting &amp; Training","potentialAction":[{"@type":"SearchAction","target":{"@type":"EntryPoint","urlTemplate":"http:\/\/metech.eu\/?s={search_term_string}"},"query-input":"required name=search_term_string"}],"inLanguage":"de-DE"},{"@type":"ImageObject","@id":"https:\/\/metech.eu\/de\/about\/recruiting\/#primaryimage","inLanguage":"de-DE","url":"http:\/\/metech.eu\/wp-content\/uploads\/recruitment.jpg","contentUrl":"http:\/\/metech.eu\/wp-content\/uploads\/recruitment.jpg","width":800,"height":617},{"@type":"WebPage","@id":"https:\/\/metech.eu\/de\/about\/recruiting\/#webpage","url":"https:\/\/metech.eu\/de\/about\/recruiting\/","name":"Rekrutierung - MeTech","isPartOf":{"@id":"http:\/\/metech.eu\/#website"},"primaryImageOfPage":{"@id":"https:\/\/metech.eu\/de\/about\/recruiting\/#primaryimage"},"datePublished":"2019-06-04T13:41:32+00:00","dateModified":"2022-06-23T09:32:15+00:00","breadcrumb":{"@id":"https:\/\/metech.eu\/de\/about\/recruiting\/#breadcrumb"},"inLanguage":"de-DE","potentialAction":[{"@type":"ReadAction","target":["https:\/\/metech.eu\/de\/about\/recruiting\/"]}]},{"@type":"BreadcrumbList","@id":"https:\/\/metech.eu\/de\/about\/recruiting\/#breadcrumb","itemListElement":[{"@type":"ListItem","position":1,"name":"Home","item":"http:\/\/metech.eu\/"},{"@type":"ListItem","position":2,"name":"\u00dcber uns","item":"https:\/\/metech.eu\/de\/about\/"},{"@type":"ListItem","position":3,"name":"Rekrutierung"}]}]}},"_links":{"self":[{"href":"http:\/\/metech.eu\/de\/wp-json\/wp\/v2\/pages\/295"}],"collection":[{"href":"http:\/\/metech.eu\/de\/wp-json\/wp\/v2\/pages"}],"about":[{"href":"http:\/\/metech.eu\/de\/wp-json\/wp\/v2\/types\/page"}],"author":[{"embeddable":true,"href":"http:\/\/metech.eu\/de\/wp-json\/wp\/v2\/users\/6"}],"replies":[{"embeddable":true,"href":"http:\/\/metech.eu\/de\/wp-json\/wp\/v2\/comments?post=295"}],"version-history":[{"count":5,"href":"http:\/\/metech.eu\/de\/wp-json\/wp\/v2\/pages\/295\/revisions"}],"predecessor-version":[{"id":3621,"href":"http:\/\/metech.eu\/de\/wp-json\/wp\/v2\/pages\/295\/revisions\/3621"}],"up":[{"embeddable":true,"href":"http:\/\/metech.eu\/de\/wp-json\/wp\/v2\/pages\/108"}],"wp:featuredmedia":[{"embeddable":true,"href":"http:\/\/metech.eu\/de\/wp-json\/wp\/v2\/media\/3448"}],"wp:attachment":[{"href":"http:\/\/metech.eu\/de\/wp-json\/wp\/v2\/media?parent=295"}],"curies":[{"name":"wp","href":"https:\/\/api.w.org\/{rel}","templated":true}]}}