{"id":298,"date":"2019-06-04T15:50:07","date_gmt":"2019-06-04T13:50:07","guid":{"rendered":"http:\/\/victory-pieter.webdev.victory.local\/?page_id=298"},"modified":"2020-11-26T11:28:01","modified_gmt":"2020-11-26T10:28:01","slug":"consulting","status":"publish","type":"page","link":"http:\/\/metech.eu\/de\/about\/consulting\/","title":{"rendered":"Beratung"},"content":{"rendered":"\n<p>Wir bieten sowohl unseren Kunden als auch unseren Beratern eine Vielzahl von Optionen in einem attraktiven Konzept.<\/p>\n\n\n\n<p>Unabh\u00e4ngig davon, ob wir ein langfristiges Engagement suchen oder durch einzelne Projekte Abwechslung suchen, bem\u00fchen wir uns, die Stellenangebote, die wir von den gr\u00f6\u00dften Akteuren sowohl im Finanz- als auch im Versicherungssektor erhalten, perfekt zusammenzubringen.<\/p>\n\n\n\n<p>Unser Engagement wird durch regelm\u00e4\u00dfige Nachverfolgungen fortgesetzt, wobei der Zufriedenheit von Kunden und Beratern h\u00f6chste Priorit\u00e4t einger\u00e4umt wird.<\/p>\n","protected":false},"excerpt":{"rendered":"<p>Wir bieten sowohl unseren Kunden als auch unseren Beratern eine Vielzahl von Optionen in einem attraktiven Konzept. Unabh\u00e4ngig davon, ob wir ein langfristiges Engagement suchen oder durch einzelne Projekte Abwechslung suchen, bem\u00fchen wir uns, die Stellenangebote, die wir von den gr\u00f6\u00dften Akteuren sowohl im Finanz- als auch im Versicherungssektor erhalten, perfekt zusammenzubringen. Unser Engagement wird [&hellip;]<\/p>\n","protected":false},"author":6,"featured_media":3440,"parent":108,"menu_order":3,"comment_status":"closed","ping_status":"closed","template":"template\/template-MeTech-page.php","meta":[],"translation":{"provider":"WPGlobus","version":"2.8.11","language":"de","enabled_languages":["en","nl","fr","de"],"languages":{"en":{"title":true,"content":true,"excerpt":false},"nl":{"title":true,"content":true,"excerpt":false},"fr":{"title":true,"content":true,"excerpt":false},"de":{"title":true,"content":true,"excerpt":false}}},"acf":[],"yoast_head":"<!-- This site is optimized with the Yoast SEO plugin v18.5.1 - https:\/\/yoast.com\/wordpress\/plugins\/seo\/ -->\n<title>Beratung - MeTech<\/title>\n<meta name=\"robots\" content=\"index, follow, max-snippet:-1, max-image-preview:large, max-video-preview:-1\" \/>\n<link rel=\"canonical\" href=\"https:\/\/metech.eu\/about\/consulting\/\" \/>\n<meta property=\"og:locale\" content=\"de_DE\" \/>\n<meta property=\"og:type\" content=\"article\" \/>\n<meta property=\"og:title\" content=\"Beratung - MeTech\" \/>\n<meta property=\"og:url\" content=\"https:\/\/metech.eu\/about\/consulting\/\" \/>\n<meta property=\"og:site_name\" content=\"MeTech\" \/>\n<meta property=\"article:publisher\" content=\"https:\/\/www.facebook.com\/MeTechBelgium\/\" \/>\n<meta property=\"article:modified_time\" content=\"2020-11-26T10:28:01+00:00\" \/>\n<meta property=\"og:image\" content=\"https:\/\/metech.eu\/wp-content\/uploads\/consultancy.jpg\" \/>\n\t<meta property=\"og:image:width\" content=\"800\" \/>\n\t<meta property=\"og:image:height\" content=\"266\" \/>\n\t<meta property=\"og:image:type\" content=\"image\/jpeg\" \/>\n<meta name=\"twitter:card\" content=\"summary_large_image\" \/>\n<meta name=\"twitter:label1\" content=\"Est. reading time\" \/>\n\t<meta name=\"twitter:data1\" content=\"2 minutes\" \/>\n<script type=\"application\/ld+json\" class=\"yoast-schema-graph\">{\"@context\":\"https:\/\/schema.org\",\"@graph\":[{\"@type\":\"WebSite\",\"@id\":\"http:\/\/metech.eu\/#website\",\"url\":\"http:\/\/metech.eu\/\",\"name\":\"MeTech\",\"description\":\"Contracting &amp; Training\",\"potentialAction\":[{\"@type\":\"SearchAction\",\"target\":{\"@type\":\"EntryPoint\",\"urlTemplate\":\"http:\/\/metech.eu\/?s={search_term_string}\"},\"query-input\":\"required name=search_term_string\"}],\"inLanguage\":\"de-DE\"},{\"@type\":\"ImageObject\",\"@id\":\"https:\/\/metech.eu\/about\/consulting\/#primaryimage\",\"inLanguage\":\"de-DE\",\"url\":\"http:\/\/metech.eu\/wp-content\/uploads\/consultancy.jpg\",\"contentUrl\":\"http:\/\/metech.eu\/wp-content\/uploads\/consultancy.jpg\",\"width\":800,\"height\":266},{\"@type\":\"WebPage\",\"@id\":\"https:\/\/metech.eu\/about\/consulting\/#webpage\",\"url\":\"https:\/\/metech.eu\/about\/consulting\/\",\"name\":\"Beratung - MeTech\",\"isPartOf\":{\"@id\":\"http:\/\/metech.eu\/#website\"},\"primaryImageOfPage\":{\"@id\":\"https:\/\/metech.eu\/about\/consulting\/#primaryimage\"},\"datePublished\":\"2019-06-04T13:50:07+00:00\",\"dateModified\":\"2020-11-26T10:28:01+00:00\",\"breadcrumb\":{\"@id\":\"https:\/\/metech.eu\/about\/consulting\/#breadcrumb\"},\"inLanguage\":\"de-DE\",\"potentialAction\":[{\"@type\":\"ReadAction\",\"target\":[\"https:\/\/metech.eu\/about\/consulting\/\"]}]},{\"@type\":\"BreadcrumbList\",\"@id\":\"https:\/\/metech.eu\/about\/consulting\/#breadcrumb\",\"itemListElement\":[{\"@type\":\"ListItem\",\"position\":1,\"name\":\"Home\",\"item\":\"http:\/\/metech.eu\/\"},{\"@type\":\"ListItem\",\"position\":2,\"name\":\"\u00dcber uns\",\"item\":\"https:\/\/metech.eu\/de\/about\/\"},{\"@type\":\"ListItem\",\"position\":3,\"name\":\"Consulting\"}]}]}<\/script>\n<!-- \/ Yoast SEO plugin. -->","yoast_head_json":{"title":"Beratung - MeTech","robots":{"index":"index","follow":"follow","max-snippet":"max-snippet:-1","max-image-preview":"max-image-preview:large","max-video-preview":"max-video-preview:-1"},"canonical":"https:\/\/metech.eu\/about\/consulting\/","og_locale":"de_DE","og_type":"article","og_title":"Beratung - MeTech","og_url":"https:\/\/metech.eu\/about\/consulting\/","og_site_name":"MeTech","article_publisher":"https:\/\/www.facebook.com\/MeTechBelgium\/","article_modified_time":"2020-11-26T10:28:01+00:00","og_image":[{"width":800,"height":266,"url":"https:\/\/metech.eu\/wp-content\/uploads\/consultancy.jpg","type":"image\/jpeg"}],"twitter_card":"summary_large_image","twitter_misc":{"Est. reading time":"2 minutes"},"schema":{"@context":"https:\/\/schema.org","@graph":[{"@type":"WebSite","@id":"http:\/\/metech.eu\/#website","url":"http:\/\/metech.eu\/","name":"MeTech","description":"Contracting &amp; Training","potentialAction":[{"@type":"SearchAction","target":{"@type":"EntryPoint","urlTemplate":"http:\/\/metech.eu\/?s={search_term_string}"},"query-input":"required name=search_term_string"}],"inLanguage":"de-DE"},{"@type":"ImageObject","@id":"https:\/\/metech.eu\/about\/consulting\/#primaryimage","inLanguage":"de-DE","url":"http:\/\/metech.eu\/wp-content\/uploads\/consultancy.jpg","contentUrl":"http:\/\/metech.eu\/wp-content\/uploads\/consultancy.jpg","width":800,"height":266},{"@type":"WebPage","@id":"https:\/\/metech.eu\/about\/consulting\/#webpage","url":"https:\/\/metech.eu\/about\/consulting\/","name":"Beratung - MeTech","isPartOf":{"@id":"http:\/\/metech.eu\/#website"},"primaryImageOfPage":{"@id":"https:\/\/metech.eu\/about\/consulting\/#primaryimage"},"datePublished":"2019-06-04T13:50:07+00:00","dateModified":"2020-11-26T10:28:01+00:00","breadcrumb":{"@id":"https:\/\/metech.eu\/about\/consulting\/#breadcrumb"},"inLanguage":"de-DE","potentialAction":[{"@type":"ReadAction","target":["https:\/\/metech.eu\/about\/consulting\/"]}]},{"@type":"BreadcrumbList","@id":"https:\/\/metech.eu\/about\/consulting\/#breadcrumb","itemListElement":[{"@type":"ListItem","position":1,"name":"Home","item":"http:\/\/metech.eu\/"},{"@type":"ListItem","position":2,"name":"\u00dcber uns","item":"https:\/\/metech.eu\/de\/about\/"},{"@type":"ListItem","position":3,"name":"Consulting"}]}]}},"_links":{"self":[{"href":"http:\/\/metech.eu\/de\/wp-json\/wp\/v2\/pages\/298"}],"collection":[{"href":"http:\/\/metech.eu\/de\/wp-json\/wp\/v2\/pages"}],"about":[{"href":"http:\/\/metech.eu\/de\/wp-json\/wp\/v2\/types\/page"}],"author":[{"embeddable":true,"href":"http:\/\/metech.eu\/de\/wp-json\/wp\/v2\/users\/6"}],"replies":[{"embeddable":true,"href":"http:\/\/metech.eu\/de\/wp-json\/wp\/v2\/comments?post=298"}],"version-history":[{"count":0,"href":"http:\/\/metech.eu\/de\/wp-json\/wp\/v2\/pages\/298\/revisions"}],"up":[{"embeddable":true,"href":"http:\/\/metech.eu\/de\/wp-json\/wp\/v2\/pages\/108"}],"wp:featuredmedia":[{"embeddable":true,"href":"http:\/\/metech.eu\/de\/wp-json\/wp\/v2\/media\/3440"}],"wp:attachment":[{"href":"http:\/\/metech.eu\/de\/wp-json\/wp\/v2\/media?parent=298"}],"curies":[{"name":"wp","href":"https:\/\/api.w.org\/{rel}","templated":true}]}}