{"id":140,"date":"2019-05-23T14:33:09","date_gmt":"2019-05-23T12:33:09","guid":{"rendered":"http:\/\/victory-pieter.webdev.victory.local\/?page_id=140"},"modified":"2020-11-26T14:38:45","modified_gmt":"2020-11-26T13:38:45","slug":"training","status":"publish","type":"page","link":"http:\/\/metech.eu\/fr\/about\/training\/","title":{"rendered":"Training"},"content":{"rendered":"\n<p>Avec 40 TB de stockage op\u00e9rationnel et jusqu&#8217;\u00e0 190 CPU\u2019s configurables, les <a rel=\"noopener noreferrer\" href=\"https:\/\/www.ibm.com\/it-infrastructure\/z\/\" target=\"_blank\">derni\u00e8res machines Z d&#8217;IBM<\/a> sont les pi\u00e8ces ma\u00eetresses de tout centre de databases moderne. Les jeunes professionnels peuvent faire les premiers pas de leur carri\u00e8re gr\u00e2ce aux Z Academies de MeTech.<\/p>\n\n\n\n<p>Pendant huit semaines de formation intensive, incluant des simulations en vraie vie d&#8217;un environnement de travail, tout le monde peut \u00eatre lanc\u00e9 sur cette plateforme la plus polyvalente: d\u00e9veloppeur, analyste ou ing\u00e9nieur syst\u00e8me.<\/p>\n\n\n\n<p>Gr\u00e2ce \u00e0 nos <strong>acad\u00e9mies dynamiques<\/strong> ou \u00e0 nos <strong>cours avanc\u00e9s<\/strong> s\u00e9par\u00e9s, nous fournissons une solution flexible interne \/ externe pour votre d\u00e9sir de connaissances.<\/p>\n\n\n<h4 style=\"margin-top: 20px\";>Certaines de nos formations uniques<\/h4><table id=\"datatable\" style=\"width:100% margin-bottom:20px;\"><thead><tr><th width=\"70%\">Formation<\/th><th width=\"30%\">Cat\u00e9gorie<\/th><\/tr><\/thead><tbody><tr><td><a href=\"http:\/\/metech.eu\/fr\/jobtraining\/administrator-database-db2\/\">Administrateur Database Db2<\/a><\/td><td>Course avanc\u00e9<\/td><\/tr><tr><td><a href=\"http:\/\/metech.eu\/fr\/jobtraining\/z-developer\/\">D\u00e9veloppeur Z<\/a><\/td><td>Acad\u00e9mie<\/td><\/tr><tr><td><a href=\"http:\/\/metech.eu\/fr\/jobtraining\/z-developer-java\/\">D\u00e9veloppeur Java sur Z<\/a><\/td><td>Acad\u00e9mie<\/td><\/tr><tr><td><a href=\"http:\/\/metech.eu\/fr\/jobtraining\/z-engineer-system\/\">Ing\u00e9nieur Syst\u00e8me Z<\/a><\/td><td>Acad\u00e9mie<\/td><\/tr><tr><td><a href=\"http:\/\/metech.eu\/fr\/jobtraining\/z-engineer-test\/\">Ing\u00e9nieur de test Z<\/a><\/td><td>Acad\u00e9mie<\/td><\/tr><\/tbody><\/table>\n","protected":false},"excerpt":{"rendered":"<p>Avec 40 TB de stockage op\u00e9rationnel et jusqu&#8217;\u00e0 190 CPU\u2019s configurables, les derni\u00e8res machines Z d&#8217;IBM sont les pi\u00e8ces ma\u00eetresses de tout centre de databases moderne. Les jeunes professionnels peuvent faire les premiers pas de leur carri\u00e8re gr\u00e2ce aux Z Academies de MeTech. Pendant huit semaines de formation intensive, incluant des simulations en vraie vie [&hellip;]<\/p>\n","protected":false},"author":6,"featured_media":3452,"parent":108,"menu_order":0,"comment_status":"closed","ping_status":"closed","template":"template\/template-MeTech-page-training.php","meta":[],"translation":{"provider":"WPGlobus","version":"2.8.11","language":"fr","enabled_languages":["en","nl","fr","de"],"languages":{"en":{"title":true,"content":true,"excerpt":false},"nl":{"title":true,"content":true,"excerpt":false},"fr":{"title":true,"content":true,"excerpt":false},"de":{"title":true,"content":true,"excerpt":false}}},"acf":[],"yoast_head":"<!-- This site is optimized with the Yoast SEO plugin v18.5.1 - https:\/\/yoast.com\/wordpress\/plugins\/seo\/ -->\n<title>Training - MeTech<\/title>\n<meta name=\"robots\" content=\"index, follow, max-snippet:-1, max-image-preview:large, max-video-preview:-1\" \/>\n<link rel=\"canonical\" href=\"https:\/\/metech.eu\/about\/training\/\" \/>\n<meta property=\"og:locale\" content=\"fr_FR\" \/>\n<meta property=\"og:type\" content=\"article\" \/>\n<meta property=\"og:title\" content=\"Training - MeTech\" \/>\n<meta property=\"og:url\" content=\"https:\/\/metech.eu\/about\/training\/\" \/>\n<meta property=\"og:site_name\" content=\"MeTech\" \/>\n<meta property=\"article:publisher\" content=\"https:\/\/www.facebook.com\/MeTechBelgium\/\" \/>\n<meta property=\"article:modified_time\" content=\"2020-11-26T13:38:45+00:00\" \/>\n<meta property=\"og:image\" content=\"https:\/\/metech.eu\/wp-content\/uploads\/training.jpg\" \/>\n\t<meta property=\"og:image:width\" content=\"800\" \/>\n\t<meta property=\"og:image:height\" content=\"533\" \/>\n\t<meta property=\"og:image:type\" content=\"image\/jpeg\" \/>\n<meta name=\"twitter:card\" content=\"summary_large_image\" \/>\n<meta name=\"twitter:label1\" content=\"Est. reading time\" \/>\n\t<meta name=\"twitter:data1\" content=\"2 minutes\" \/>\n<script type=\"application\/ld+json\" class=\"yoast-schema-graph\">{\"@context\":\"https:\/\/schema.org\",\"@graph\":[{\"@type\":\"WebSite\",\"@id\":\"http:\/\/metech.eu\/#website\",\"url\":\"http:\/\/metech.eu\/\",\"name\":\"MeTech\",\"description\":\"Contracting &amp; Training\",\"potentialAction\":[{\"@type\":\"SearchAction\",\"target\":{\"@type\":\"EntryPoint\",\"urlTemplate\":\"http:\/\/metech.eu\/?s={search_term_string}\"},\"query-input\":\"required name=search_term_string\"}],\"inLanguage\":\"fr-FR\"},{\"@type\":\"ImageObject\",\"@id\":\"https:\/\/metech.eu\/about\/training\/#primaryimage\",\"inLanguage\":\"fr-FR\",\"url\":\"http:\/\/metech.eu\/wp-content\/uploads\/training.jpg\",\"contentUrl\":\"http:\/\/metech.eu\/wp-content\/uploads\/training.jpg\",\"width\":800,\"height\":533},{\"@type\":\"WebPage\",\"@id\":\"https:\/\/metech.eu\/about\/training\/#webpage\",\"url\":\"https:\/\/metech.eu\/about\/training\/\",\"name\":\"Training - MeTech\",\"isPartOf\":{\"@id\":\"http:\/\/metech.eu\/#website\"},\"primaryImageOfPage\":{\"@id\":\"https:\/\/metech.eu\/about\/training\/#primaryimage\"},\"datePublished\":\"2019-05-23T12:33:09+00:00\",\"dateModified\":\"2020-11-26T13:38:45+00:00\",\"breadcrumb\":{\"@id\":\"https:\/\/metech.eu\/about\/training\/#breadcrumb\"},\"inLanguage\":\"fr-FR\",\"potentialAction\":[{\"@type\":\"ReadAction\",\"target\":[\"https:\/\/metech.eu\/about\/training\/\"]}]},{\"@type\":\"BreadcrumbList\",\"@id\":\"https:\/\/metech.eu\/about\/training\/#breadcrumb\",\"itemListElement\":[{\"@type\":\"ListItem\",\"position\":1,\"name\":\"Home\",\"item\":\"http:\/\/metech.eu\/\"},{\"@type\":\"ListItem\",\"position\":2,\"name\":\"\u00dcber uns\",\"item\":\"https:\/\/metech.eu\/de\/about\/\"},{\"@type\":\"ListItem\",\"position\":3,\"name\":\"Training\"}]}]}<\/script>\n<!-- \/ Yoast SEO plugin. -->","yoast_head_json":{"title":"Training - MeTech","robots":{"index":"index","follow":"follow","max-snippet":"max-snippet:-1","max-image-preview":"max-image-preview:large","max-video-preview":"max-video-preview:-1"},"canonical":"https:\/\/metech.eu\/about\/training\/","og_locale":"fr_FR","og_type":"article","og_title":"Training - MeTech","og_url":"https:\/\/metech.eu\/about\/training\/","og_site_name":"MeTech","article_publisher":"https:\/\/www.facebook.com\/MeTechBelgium\/","article_modified_time":"2020-11-26T13:38:45+00:00","og_image":[{"width":800,"height":533,"url":"https:\/\/metech.eu\/wp-content\/uploads\/training.jpg","type":"image\/jpeg"}],"twitter_card":"summary_large_image","twitter_misc":{"Est. reading time":"2 minutes"},"schema":{"@context":"https:\/\/schema.org","@graph":[{"@type":"WebSite","@id":"http:\/\/metech.eu\/#website","url":"http:\/\/metech.eu\/","name":"MeTech","description":"Contracting &amp; Training","potentialAction":[{"@type":"SearchAction","target":{"@type":"EntryPoint","urlTemplate":"http:\/\/metech.eu\/?s={search_term_string}"},"query-input":"required name=search_term_string"}],"inLanguage":"fr-FR"},{"@type":"ImageObject","@id":"https:\/\/metech.eu\/about\/training\/#primaryimage","inLanguage":"fr-FR","url":"http:\/\/metech.eu\/wp-content\/uploads\/training.jpg","contentUrl":"http:\/\/metech.eu\/wp-content\/uploads\/training.jpg","width":800,"height":533},{"@type":"WebPage","@id":"https:\/\/metech.eu\/about\/training\/#webpage","url":"https:\/\/metech.eu\/about\/training\/","name":"Training - MeTech","isPartOf":{"@id":"http:\/\/metech.eu\/#website"},"primaryImageOfPage":{"@id":"https:\/\/metech.eu\/about\/training\/#primaryimage"},"datePublished":"2019-05-23T12:33:09+00:00","dateModified":"2020-11-26T13:38:45+00:00","breadcrumb":{"@id":"https:\/\/metech.eu\/about\/training\/#breadcrumb"},"inLanguage":"fr-FR","potentialAction":[{"@type":"ReadAction","target":["https:\/\/metech.eu\/about\/training\/"]}]},{"@type":"BreadcrumbList","@id":"https:\/\/metech.eu\/about\/training\/#breadcrumb","itemListElement":[{"@type":"ListItem","position":1,"name":"Home","item":"http:\/\/metech.eu\/"},{"@type":"ListItem","position":2,"name":"\u00dcber uns","item":"https:\/\/metech.eu\/de\/about\/"},{"@type":"ListItem","position":3,"name":"Training"}]}]}},"_links":{"self":[{"href":"http:\/\/metech.eu\/fr\/wp-json\/wp\/v2\/pages\/140"}],"collection":[{"href":"http:\/\/metech.eu\/fr\/wp-json\/wp\/v2\/pages"}],"about":[{"href":"http:\/\/metech.eu\/fr\/wp-json\/wp\/v2\/types\/page"}],"author":[{"embeddable":true,"href":"http:\/\/metech.eu\/fr\/wp-json\/wp\/v2\/users\/6"}],"replies":[{"embeddable":true,"href":"http:\/\/metech.eu\/fr\/wp-json\/wp\/v2\/comments?post=140"}],"version-history":[{"count":0,"href":"http:\/\/metech.eu\/fr\/wp-json\/wp\/v2\/pages\/140\/revisions"}],"up":[{"embeddable":true,"href":"http:\/\/metech.eu\/fr\/wp-json\/wp\/v2\/pages\/108"}],"wp:featuredmedia":[{"embeddable":true,"href":"http:\/\/metech.eu\/fr\/wp-json\/wp\/v2\/media\/3452"}],"wp:attachment":[{"href":"http:\/\/metech.eu\/fr\/wp-json\/wp\/v2\/media?parent=140"}],"curies":[{"name":"wp","href":"https:\/\/api.w.org\/{rel}","templated":true}]}}