{"id":298,"date":"2019-06-04T15:50:07","date_gmt":"2019-06-04T13:50:07","guid":{"rendered":"http:\/\/victory-pieter.webdev.victory.local\/?page_id=298"},"modified":"2020-11-26T11:28:01","modified_gmt":"2020-11-26T10:28:01","slug":"consulting","status":"publish","type":"page","link":"http:\/\/metech.eu\/fr\/about\/consulting\/","title":{"rendered":"Consulting"},"content":{"rendered":"\n<p>Nous proposons une gamme d&#8217;options claire dans un concept attractif tant pour nos clients que pour nos candidats.<\/p>\n\n\n\n<p>Que vous recherchiez un engagement \u00e0 long terme ou que vous recherchiez de la vari\u00e9t\u00e9 \u00e0 travers des projets individuels, nous nous effor\u00e7ons de faire le match parfait pour les postes vacants que nous recevons des plus grands acteurs du secteur financier et de l&#8217;assurance.<\/p>\n\n\n\n<p>Notre engagement se poursuit gr\u00e2ce \u00e0 des suivis r\u00e9guliers, la priorit\u00e9 absolue \u00e9tant la satisfaction des clients et des consultants.<\/p>\n","protected":false},"excerpt":{"rendered":"<p>Nous proposons une gamme d&#8217;options claire dans un concept attractif tant pour nos clients que pour nos candidats. Que vous recherchiez un engagement \u00e0 long terme ou que vous recherchiez de la vari\u00e9t\u00e9 \u00e0 travers des projets individuels, nous nous effor\u00e7ons de faire le match parfait pour les postes vacants que nous recevons des plus [&hellip;]<\/p>\n","protected":false},"author":6,"featured_media":3440,"parent":108,"menu_order":3,"comment_status":"closed","ping_status":"closed","template":"template\/template-MeTech-page.php","meta":[],"translation":{"provider":"WPGlobus","version":"2.8.11","language":"fr","enabled_languages":["en","nl","fr","de"],"languages":{"en":{"title":true,"content":true,"excerpt":false},"nl":{"title":true,"content":true,"excerpt":false},"fr":{"title":true,"content":true,"excerpt":false},"de":{"title":true,"content":true,"excerpt":false}}},"acf":[],"yoast_head":"<!-- This site is optimized with the Yoast SEO plugin v18.5.1 - https:\/\/yoast.com\/wordpress\/plugins\/seo\/ -->\n<title>Consulting - MeTech<\/title>\n<meta name=\"robots\" content=\"index, follow, max-snippet:-1, max-image-preview:large, max-video-preview:-1\" \/>\n<link rel=\"canonical\" href=\"https:\/\/metech.eu\/about\/consulting\/\" \/>\n<meta property=\"og:locale\" content=\"fr_FR\" \/>\n<meta property=\"og:type\" content=\"article\" \/>\n<meta property=\"og:title\" content=\"Consulting - MeTech\" \/>\n<meta property=\"og:url\" content=\"https:\/\/metech.eu\/about\/consulting\/\" \/>\n<meta property=\"og:site_name\" content=\"MeTech\" \/>\n<meta property=\"article:publisher\" content=\"https:\/\/www.facebook.com\/MeTechBelgium\/\" \/>\n<meta property=\"article:modified_time\" content=\"2020-11-26T10:28:01+00:00\" \/>\n<meta property=\"og:image\" content=\"https:\/\/metech.eu\/wp-content\/uploads\/consultancy.jpg\" \/>\n\t<meta property=\"og:image:width\" content=\"800\" \/>\n\t<meta property=\"og:image:height\" content=\"266\" \/>\n\t<meta property=\"og:image:type\" content=\"image\/jpeg\" \/>\n<meta name=\"twitter:card\" content=\"summary_large_image\" \/>\n<meta name=\"twitter:label1\" content=\"Est. reading time\" \/>\n\t<meta name=\"twitter:data1\" content=\"2 minutes\" \/>\n<script type=\"application\/ld+json\" class=\"yoast-schema-graph\">{\"@context\":\"https:\/\/schema.org\",\"@graph\":[{\"@type\":\"WebSite\",\"@id\":\"http:\/\/metech.eu\/#website\",\"url\":\"http:\/\/metech.eu\/\",\"name\":\"MeTech\",\"description\":\"Contracting &amp; Training\",\"potentialAction\":[{\"@type\":\"SearchAction\",\"target\":{\"@type\":\"EntryPoint\",\"urlTemplate\":\"http:\/\/metech.eu\/?s={search_term_string}\"},\"query-input\":\"required name=search_term_string\"}],\"inLanguage\":\"fr-FR\"},{\"@type\":\"ImageObject\",\"@id\":\"https:\/\/metech.eu\/about\/consulting\/#primaryimage\",\"inLanguage\":\"fr-FR\",\"url\":\"http:\/\/metech.eu\/wp-content\/uploads\/consultancy.jpg\",\"contentUrl\":\"http:\/\/metech.eu\/wp-content\/uploads\/consultancy.jpg\",\"width\":800,\"height\":266},{\"@type\":\"WebPage\",\"@id\":\"https:\/\/metech.eu\/about\/consulting\/#webpage\",\"url\":\"https:\/\/metech.eu\/about\/consulting\/\",\"name\":\"Consulting - MeTech\",\"isPartOf\":{\"@id\":\"http:\/\/metech.eu\/#website\"},\"primaryImageOfPage\":{\"@id\":\"https:\/\/metech.eu\/about\/consulting\/#primaryimage\"},\"datePublished\":\"2019-06-04T13:50:07+00:00\",\"dateModified\":\"2020-11-26T10:28:01+00:00\",\"breadcrumb\":{\"@id\":\"https:\/\/metech.eu\/about\/consulting\/#breadcrumb\"},\"inLanguage\":\"fr-FR\",\"potentialAction\":[{\"@type\":\"ReadAction\",\"target\":[\"https:\/\/metech.eu\/about\/consulting\/\"]}]},{\"@type\":\"BreadcrumbList\",\"@id\":\"https:\/\/metech.eu\/about\/consulting\/#breadcrumb\",\"itemListElement\":[{\"@type\":\"ListItem\",\"position\":1,\"name\":\"Home\",\"item\":\"http:\/\/metech.eu\/\"},{\"@type\":\"ListItem\",\"position\":2,\"name\":\"\u00dcber uns\",\"item\":\"https:\/\/metech.eu\/de\/about\/\"},{\"@type\":\"ListItem\",\"position\":3,\"name\":\"Consulting\"}]}]}<\/script>\n<!-- \/ Yoast SEO plugin. -->","yoast_head_json":{"title":"Consulting - MeTech","robots":{"index":"index","follow":"follow","max-snippet":"max-snippet:-1","max-image-preview":"max-image-preview:large","max-video-preview":"max-video-preview:-1"},"canonical":"https:\/\/metech.eu\/about\/consulting\/","og_locale":"fr_FR","og_type":"article","og_title":"Consulting - MeTech","og_url":"https:\/\/metech.eu\/about\/consulting\/","og_site_name":"MeTech","article_publisher":"https:\/\/www.facebook.com\/MeTechBelgium\/","article_modified_time":"2020-11-26T10:28:01+00:00","og_image":[{"width":800,"height":266,"url":"https:\/\/metech.eu\/wp-content\/uploads\/consultancy.jpg","type":"image\/jpeg"}],"twitter_card":"summary_large_image","twitter_misc":{"Est. reading time":"2 minutes"},"schema":{"@context":"https:\/\/schema.org","@graph":[{"@type":"WebSite","@id":"http:\/\/metech.eu\/#website","url":"http:\/\/metech.eu\/","name":"MeTech","description":"Contracting &amp; Training","potentialAction":[{"@type":"SearchAction","target":{"@type":"EntryPoint","urlTemplate":"http:\/\/metech.eu\/?s={search_term_string}"},"query-input":"required name=search_term_string"}],"inLanguage":"fr-FR"},{"@type":"ImageObject","@id":"https:\/\/metech.eu\/about\/consulting\/#primaryimage","inLanguage":"fr-FR","url":"http:\/\/metech.eu\/wp-content\/uploads\/consultancy.jpg","contentUrl":"http:\/\/metech.eu\/wp-content\/uploads\/consultancy.jpg","width":800,"height":266},{"@type":"WebPage","@id":"https:\/\/metech.eu\/about\/consulting\/#webpage","url":"https:\/\/metech.eu\/about\/consulting\/","name":"Consulting - MeTech","isPartOf":{"@id":"http:\/\/metech.eu\/#website"},"primaryImageOfPage":{"@id":"https:\/\/metech.eu\/about\/consulting\/#primaryimage"},"datePublished":"2019-06-04T13:50:07+00:00","dateModified":"2020-11-26T10:28:01+00:00","breadcrumb":{"@id":"https:\/\/metech.eu\/about\/consulting\/#breadcrumb"},"inLanguage":"fr-FR","potentialAction":[{"@type":"ReadAction","target":["https:\/\/metech.eu\/about\/consulting\/"]}]},{"@type":"BreadcrumbList","@id":"https:\/\/metech.eu\/about\/consulting\/#breadcrumb","itemListElement":[{"@type":"ListItem","position":1,"name":"Home","item":"http:\/\/metech.eu\/"},{"@type":"ListItem","position":2,"name":"\u00dcber uns","item":"https:\/\/metech.eu\/de\/about\/"},{"@type":"ListItem","position":3,"name":"Consulting"}]}]}},"_links":{"self":[{"href":"http:\/\/metech.eu\/fr\/wp-json\/wp\/v2\/pages\/298"}],"collection":[{"href":"http:\/\/metech.eu\/fr\/wp-json\/wp\/v2\/pages"}],"about":[{"href":"http:\/\/metech.eu\/fr\/wp-json\/wp\/v2\/types\/page"}],"author":[{"embeddable":true,"href":"http:\/\/metech.eu\/fr\/wp-json\/wp\/v2\/users\/6"}],"replies":[{"embeddable":true,"href":"http:\/\/metech.eu\/fr\/wp-json\/wp\/v2\/comments?post=298"}],"version-history":[{"count":0,"href":"http:\/\/metech.eu\/fr\/wp-json\/wp\/v2\/pages\/298\/revisions"}],"up":[{"embeddable":true,"href":"http:\/\/metech.eu\/fr\/wp-json\/wp\/v2\/pages\/108"}],"wp:featuredmedia":[{"embeddable":true,"href":"http:\/\/metech.eu\/fr\/wp-json\/wp\/v2\/media\/3440"}],"wp:attachment":[{"href":"http:\/\/metech.eu\/fr\/wp-json\/wp\/v2\/media?parent=298"}],"curies":[{"name":"wp","href":"https:\/\/api.w.org\/{rel}","templated":true}]}}