{"id":237,"date":"2019-05-24T13:52:49","date_gmt":"2019-05-24T11:52:49","guid":{"rendered":"http:\/\/victory-pieter.webdev.victory.local\/?page_id=237"},"modified":"2020-11-26T11:32:16","modified_gmt":"2020-11-26T10:32:16","slug":"jobs","status":"publish","type":"page","link":"http:\/\/metech.eu\/nl\/jobs\/","title":{"rendered":"Jobs"},"content":{"rendered":"\n<p>Als (Junior) ICT-professional ben je van A tot Z betrokken bij projecten bij \u00e9\u00e9n van onze klanten in Belgi\u00eb, Duitsland, Nederland of Luxemburg.<\/p>\n\n\n\n<p>We bieden een intensieve training om je op weg te helpen in een interessante job met een gevarieerd takenpakket.<\/p>\n\n\n\n<p>We zijn altijd op zoek naar talent. Ben jij degene naar wie we op zoek waren?<\/p>\n\n\n\n<h4 style=\"margin-top: 20px\">Momenteel zijn we op zoek naar<\/h4>\n\n\n<table id=\"datatable\" style=\"width:100%\" style=\"margin-bottom:20px;\"><thead><tr><th width=\"40%\">Job<\/th><th width=\"40%\">Plaats van tewerkstelling<\/th><th width=\"20%\">Plaatsen<\/th><\/tr><\/thead><tbody><tr><td><a href=\"http:\/\/metech.eu\/nl\/joblink\/junior-developer-on-z\/\">Junior Developer on Z<\/a><\/td><td>Regio Brussel<\/td><td>5<\/td><\/tr><tr><td><a href=\"http:\/\/metech.eu\/nl\/joblink\/junior-system-engineer-on-z\/\">Junior System Engineer on Z<\/a><\/td><td>Regio Brussel<\/td><td>5<\/td><\/tr><tr><td><a href=\"http:\/\/metech.eu\/nl\/joblink\/junior-test-engineer-on-z\/\">Junior Test Engineer on Z<\/a><\/td><td>Regio Brussel<\/td><td>5<\/td><\/tr><\/tbody><\/table>\n","protected":false},"excerpt":{"rendered":"<p>Als (Junior) ICT-professional ben je van A tot Z betrokken bij projecten bij \u00e9\u00e9n van onze klanten in Belgi\u00eb, Duitsland, Nederland of Luxemburg. We bieden een intensieve training om je op weg te helpen in een interessante job met een gevarieerd takenpakket. We zijn altijd op zoek naar talent. Ben jij degene naar wie we [&hellip;]<\/p>\n","protected":false},"author":6,"featured_media":3434,"parent":0,"menu_order":0,"comment_status":"closed","ping_status":"closed","template":"template\/template-MeTech-page-jobs.php","meta":[],"translation":{"provider":"WPGlobus","version":"2.8.11","language":"nl","enabled_languages":["en","nl","fr","de"],"languages":{"en":{"title":true,"content":true,"excerpt":false},"nl":{"title":true,"content":true,"excerpt":false},"fr":{"title":true,"content":true,"excerpt":false},"de":{"title":true,"content":true,"excerpt":false}}},"acf":[],"yoast_head":"<!-- This site is optimized with the Yoast SEO plugin v18.5.1 - https:\/\/yoast.com\/wordpress\/plugins\/seo\/ -->\n<title>Jobs - MeTech<\/title>\n<meta name=\"robots\" content=\"index, follow, max-snippet:-1, max-image-preview:large, max-video-preview:-1\" \/>\n<link rel=\"canonical\" href=\"http:\/\/metech.eu\/jobs\/\" \/>\n<meta property=\"og:locale\" content=\"nl_NL\" \/>\n<meta property=\"og:type\" content=\"article\" \/>\n<meta property=\"og:title\" content=\"Jobs - MeTech\" \/>\n<meta property=\"og:url\" content=\"http:\/\/metech.eu\/jobs\/\" \/>\n<meta property=\"og:site_name\" content=\"MeTech\" \/>\n<meta property=\"article:publisher\" content=\"https:\/\/www.facebook.com\/MeTechBelgium\/\" \/>\n<meta property=\"article:modified_time\" content=\"2020-11-26T10:32:16+00:00\" \/>\n<meta property=\"og:image\" content=\"http:\/\/metech.eu\/wp-content\/uploads\/we-want-you.jpg\" \/>\n\t<meta property=\"og:image:width\" content=\"800\" \/>\n\t<meta property=\"og:image:height\" content=\"271\" \/>\n\t<meta property=\"og:image:type\" content=\"image\/jpeg\" \/>\n<meta name=\"twitter:card\" content=\"summary_large_image\" \/>\n<meta name=\"twitter:label1\" content=\"Geschatte leestijd\" \/>\n\t<meta name=\"twitter:data1\" content=\"1 minuut\" \/>\n<script type=\"application\/ld+json\" class=\"yoast-schema-graph\">{\"@context\":\"https:\/\/schema.org\",\"@graph\":[{\"@type\":\"WebSite\",\"@id\":\"http:\/\/metech.eu\/#website\",\"url\":\"http:\/\/metech.eu\/\",\"name\":\"MeTech\",\"description\":\"Contracting &amp; Training\",\"potentialAction\":[{\"@type\":\"SearchAction\",\"target\":{\"@type\":\"EntryPoint\",\"urlTemplate\":\"http:\/\/metech.eu\/?s={search_term_string}\"},\"query-input\":\"required name=search_term_string\"}],\"inLanguage\":\"nl\"},{\"@type\":\"ImageObject\",\"@id\":\"http:\/\/metech.eu\/jobs\/#primaryimage\",\"inLanguage\":\"nl\",\"url\":\"http:\/\/metech.eu\/wp-content\/uploads\/we-want-you.jpg\",\"contentUrl\":\"http:\/\/metech.eu\/wp-content\/uploads\/we-want-you.jpg\",\"width\":800,\"height\":271},{\"@type\":\"WebPage\",\"@id\":\"http:\/\/metech.eu\/jobs\/#webpage\",\"url\":\"http:\/\/metech.eu\/jobs\/\",\"name\":\"Jobs - MeTech\",\"isPartOf\":{\"@id\":\"http:\/\/metech.eu\/#website\"},\"primaryImageOfPage\":{\"@id\":\"http:\/\/metech.eu\/jobs\/#primaryimage\"},\"datePublished\":\"2019-05-24T11:52:49+00:00\",\"dateModified\":\"2020-11-26T10:32:16+00:00\",\"breadcrumb\":{\"@id\":\"http:\/\/metech.eu\/jobs\/#breadcrumb\"},\"inLanguage\":\"nl\",\"potentialAction\":[{\"@type\":\"ReadAction\",\"target\":[\"http:\/\/metech.eu\/jobs\/\"]}]},{\"@type\":\"BreadcrumbList\",\"@id\":\"http:\/\/metech.eu\/jobs\/#breadcrumb\",\"itemListElement\":[{\"@type\":\"ListItem\",\"position\":1,\"name\":\"Home\",\"item\":\"http:\/\/metech.eu\/\"},{\"@type\":\"ListItem\",\"position\":2,\"name\":\"Jobs\"}]}]}<\/script>\n<!-- \/ Yoast SEO plugin. -->","yoast_head_json":{"title":"Jobs - MeTech","robots":{"index":"index","follow":"follow","max-snippet":"max-snippet:-1","max-image-preview":"max-image-preview:large","max-video-preview":"max-video-preview:-1"},"canonical":"http:\/\/metech.eu\/jobs\/","og_locale":"nl_NL","og_type":"article","og_title":"Jobs - MeTech","og_url":"http:\/\/metech.eu\/jobs\/","og_site_name":"MeTech","article_publisher":"https:\/\/www.facebook.com\/MeTechBelgium\/","article_modified_time":"2020-11-26T10:32:16+00:00","og_image":[{"width":800,"height":271,"url":"http:\/\/metech.eu\/wp-content\/uploads\/we-want-you.jpg","type":"image\/jpeg"}],"twitter_card":"summary_large_image","twitter_misc":{"Geschatte leestijd":"1 minuut"},"schema":{"@context":"https:\/\/schema.org","@graph":[{"@type":"WebSite","@id":"http:\/\/metech.eu\/#website","url":"http:\/\/metech.eu\/","name":"MeTech","description":"Contracting &amp; Training","potentialAction":[{"@type":"SearchAction","target":{"@type":"EntryPoint","urlTemplate":"http:\/\/metech.eu\/?s={search_term_string}"},"query-input":"required name=search_term_string"}],"inLanguage":"nl"},{"@type":"ImageObject","@id":"http:\/\/metech.eu\/jobs\/#primaryimage","inLanguage":"nl","url":"http:\/\/metech.eu\/wp-content\/uploads\/we-want-you.jpg","contentUrl":"http:\/\/metech.eu\/wp-content\/uploads\/we-want-you.jpg","width":800,"height":271},{"@type":"WebPage","@id":"http:\/\/metech.eu\/jobs\/#webpage","url":"http:\/\/metech.eu\/jobs\/","name":"Jobs - MeTech","isPartOf":{"@id":"http:\/\/metech.eu\/#website"},"primaryImageOfPage":{"@id":"http:\/\/metech.eu\/jobs\/#primaryimage"},"datePublished":"2019-05-24T11:52:49+00:00","dateModified":"2020-11-26T10:32:16+00:00","breadcrumb":{"@id":"http:\/\/metech.eu\/jobs\/#breadcrumb"},"inLanguage":"nl","potentialAction":[{"@type":"ReadAction","target":["http:\/\/metech.eu\/jobs\/"]}]},{"@type":"BreadcrumbList","@id":"http:\/\/metech.eu\/jobs\/#breadcrumb","itemListElement":[{"@type":"ListItem","position":1,"name":"Home","item":"http:\/\/metech.eu\/"},{"@type":"ListItem","position":2,"name":"Jobs"}]}]}},"_links":{"self":[{"href":"http:\/\/metech.eu\/nl\/wp-json\/wp\/v2\/pages\/237"}],"collection":[{"href":"http:\/\/metech.eu\/nl\/wp-json\/wp\/v2\/pages"}],"about":[{"href":"http:\/\/metech.eu\/nl\/wp-json\/wp\/v2\/types\/page"}],"author":[{"embeddable":true,"href":"http:\/\/metech.eu\/nl\/wp-json\/wp\/v2\/users\/6"}],"replies":[{"embeddable":true,"href":"http:\/\/metech.eu\/nl\/wp-json\/wp\/v2\/comments?post=237"}],"version-history":[{"count":1,"href":"http:\/\/metech.eu\/nl\/wp-json\/wp\/v2\/pages\/237\/revisions"}],"predecessor-version":[{"id":3637,"href":"http:\/\/metech.eu\/nl\/wp-json\/wp\/v2\/pages\/237\/revisions\/3637"}],"wp:featuredmedia":[{"embeddable":true,"href":"http:\/\/metech.eu\/nl\/wp-json\/wp\/v2\/media\/3434"}],"wp:attachment":[{"href":"http:\/\/metech.eu\/nl\/wp-json\/wp\/v2\/media?parent=237"}],"curies":[{"name":"wp","href":"https:\/\/api.w.org\/{rel}","templated":true}]}}